{"id":55,"date":"2017-02-16T21:14:59","date_gmt":"2017-02-16T21:14:59","guid":{"rendered":"http:\/\/complejolasolas.com.ar\/pinamar\/?page_id=55"},"modified":"2021-09-05T19:49:34","modified_gmt":"2021-09-05T19:49:34","slug":"servicios","status":"publish","type":"page","link":"http:\/\/complejolasolas.com.ar\/pinamar\/servicios\/","title":{"rendered":"Servicios"},"content":{"rendered":"<ul>\n<li>\n<h1><span style=\"color: #000000; font-family: tahoma, arial, helvetica, sans-serif;\"><strong>Conexi\u00f3n libre a Internet Wi-Fi.<\/strong><\/span><\/h1>\n<\/li>\n<li>\n<h1><span style=\"color: #000000; font-family: tahoma, arial, helvetica, sans-serif;\"><strong>Servicio de mucama diario que incluye la limpieza integral de cada d\u00faplex (no as\u00ed el lavado de vajilla ni prendas personales).<\/strong><\/span><\/h1>\n<\/li>\n<li>\n<h1><span style=\"color: #000000; font-family: tahoma, arial, helvetica, sans-serif;\"><strong>Ropa blanca (cambio d\u00eda por medio de toallas y toallones, y s\u00e1banas a mitad de semana)<\/strong><\/span><\/h1>\n<\/li>\n<li>\n<h1><span style=\"color: #000000; font-family: tahoma, arial, helvetica, sans-serif;\"><strong>Estacionamiento exterior descubierto.<\/strong><\/span><\/h1>\n<\/li>\n<li>\n<h1><span style=\"color: #000000; font-family: tahoma, arial, helvetica, sans-serif;\"><strong>Solarium (deck) con mesas, sillas y reposeras.<\/strong><\/span><\/h1>\n<\/li>\n<li>\n<h1><span style=\"color: #000000; font-family: tahoma, arial, helvetica, sans-serif;\"><strong>Pileta de nataci\u00f3n con cerco de seguridad para menores.<\/strong><\/span><\/h1>\n<\/li>\n<li>\n<h1><span style=\"color: #000000; font-family: tahoma, arial, helvetica, sans-serif;\"><strong>Cofre de seguridad.<\/strong><\/span><\/h1>\n<\/li>\n<\/ul>\n\n\t\t<!-- MasterSlider -->\n\t\t<div id=\"P_MS69f286c92c7b1\" class=\"master-slider-parent msl ms-parent-id-3\" style=\"max-width:1100px;\"  >\n\n\t\t\t\n\t\t\t<!-- MasterSlider Main -->\n\t\t\t<div id=\"MS69f286c92c7b1\" class=\"master-slider ms-skin-light-6 round-skin\" >\n\t\t\t\t \t\t\t\t \n\t\t\t\t<div  class=\"ms-slide\" data-delay=\"3\" data-fill-mode=\"fill\"  >\n\t\t\t\t\t<img src=\"http:\/\/complejolasolas.com.ar\/pinamar\/wp-content\/plugins\/master-slider\/public\/assets\/css\/blank.gif\" alt=\"\" title=\"\" data-src=\"http:\/\/complejolasolas.com.ar\/pinamar\/wp-content\/uploads\/2017\/01\/cropped-25.jpg\" \/>\n\n\n\t<img class=\"ms-thumb\" src=\"http:\/\/complejolasolas.com.ar\/pinamar\/wp-content\/uploads\/2017\/01\/cropped-25-100x80.jpg\" alt=\"\" \/>\n\t<div class=\"ms-thumb\" ><div class=\"ms-tab-context\"><div class=&quot;ms-tab-context&quot;><\/div><\/div>\n<\/div>\n\t\t\t\t<\/div>\n\t\t\t\t<div  class=\"ms-slide\" data-delay=\"3\" data-fill-mode=\"fill\"  >\n\t\t\t\t\t<img src=\"http:\/\/complejolasolas.com.ar\/pinamar\/wp-content\/plugins\/master-slider\/public\/assets\/css\/blank.gif\" alt=\"\" title=\"\" data-src=\"http:\/\/complejolasolas.com.ar\/pinamar\/wp-content\/uploads\/2017\/01\/24.jpg\" \/>\n\n\n\t<img class=\"ms-thumb\" src=\"http:\/\/complejolasolas.com.ar\/pinamar\/wp-content\/uploads\/2017\/01\/24-100x80.jpg\" alt=\"\" \/>\n\t<div class=\"ms-thumb\" ><div class=\"ms-tab-context\"><div class=&quot;ms-tab-context&quot;><\/div><\/div>\n<\/div>\n\t\t\t\t<\/div>\n\t\t\t\t<div  class=\"ms-slide\" data-delay=\"3\" data-fill-mode=\"fill\"  >\n\t\t\t\t\t<img src=\"http:\/\/complejolasolas.com.ar\/pinamar\/wp-content\/plugins\/master-slider\/public\/assets\/css\/blank.gif\" alt=\"\" title=\"\" data-src=\"http:\/\/complejolasolas.com.ar\/pinamar\/wp-content\/uploads\/2017\/01\/01-1.jpg\" \/>\n\n\n\t<img class=\"ms-thumb\" src=\"http:\/\/complejolasolas.com.ar\/pinamar\/wp-content\/uploads\/2017\/01\/01-1-100x80.jpg\" alt=\"\" \/>\n\t<div class=\"ms-thumb\" ><div class=\"ms-tab-context\"><div class=&quot;ms-tab-context&quot;><\/div><\/div>\n<\/div>\n\t\t\t\t<\/div>\n\t\t\t\t<div  class=\"ms-slide\" data-delay=\"3\" data-fill-mode=\"fill\"  >\n\t\t\t\t\t<img src=\"http:\/\/complejolasolas.com.ar\/pinamar\/wp-content\/plugins\/master-slider\/public\/assets\/css\/blank.gif\" alt=\"\" title=\"\" data-src=\"http:\/\/complejolasolas.com.ar\/pinamar\/wp-content\/uploads\/2017\/01\/06-1.jpg\" \/>\n\n\n\t<img class=\"ms-thumb\" src=\"http:\/\/complejolasolas.com.ar\/pinamar\/wp-content\/uploads\/2017\/01\/06-1-100x80.jpg\" alt=\"\" \/>\n\t<div class=\"ms-thumb\" ><div class=\"ms-tab-context\"><div class=&quot;ms-tab-context&quot;><\/div><\/div>\n<\/div>\n\t\t\t\t<\/div>\n\t\t\t\t<div  class=\"ms-slide\" data-delay=\"3\" data-fill-mode=\"fill\"  >\n\t\t\t\t\t<img src=\"http:\/\/complejolasolas.com.ar\/pinamar\/wp-content\/plugins\/master-slider\/public\/assets\/css\/blank.gif\" alt=\"\" title=\"\" data-src=\"http:\/\/complejolasolas.com.ar\/pinamar\/wp-content\/uploads\/2017\/01\/05-1.jpg\" \/>\n\n\n\t<img class=\"ms-thumb\" src=\"http:\/\/complejolasolas.com.ar\/pinamar\/wp-content\/uploads\/2017\/01\/05-1-100x80.jpg\" alt=\"\" \/>\n\t<div class=\"ms-thumb\" ><div class=\"ms-tab-context\"><div class=&quot;ms-tab-context&quot;><\/div><\/div>\n<\/div>\n\t\t\t\t<\/div>\n\t\t\t\t<div  class=\"ms-slide\" data-delay=\"3\" data-fill-mode=\"fill\"  >\n\t\t\t\t\t<img src=\"http:\/\/complejolasolas.com.ar\/pinamar\/wp-content\/plugins\/master-slider\/public\/assets\/css\/blank.gif\" alt=\"\" title=\"\" data-src=\"http:\/\/complejolasolas.com.ar\/pinamar\/wp-content\/uploads\/2017\/01\/03-1.jpg\" \/>\n\n\n\t<img class=\"ms-thumb\" src=\"http:\/\/complejolasolas.com.ar\/pinamar\/wp-content\/uploads\/2017\/01\/03-1-100x80.jpg\" alt=\"\" \/>\n\t<div class=\"ms-thumb\" ><div class=\"ms-tab-context\"><div class=&quot;ms-tab-context&quot;><\/div><\/div>\n<\/div>\n\t\t\t\t<\/div>\n\t\t\t\t<div  class=\"ms-slide\" data-delay=\"3\" data-fill-mode=\"fill\"  >\n\t\t\t\t\t<img src=\"http:\/\/complejolasolas.com.ar\/pinamar\/wp-content\/plugins\/master-slider\/public\/assets\/css\/blank.gif\" alt=\"\" title=\"\" data-src=\"http:\/\/complejolasolas.com.ar\/pinamar\/wp-content\/uploads\/2017\/01\/04-1.jpg\" \/>\n\n\n\t<img class=\"ms-thumb\" src=\"http:\/\/complejolasolas.com.ar\/pinamar\/wp-content\/uploads\/2017\/01\/04-1-100x80.jpg\" alt=\"\" \/>\n\t<div class=\"ms-thumb\" ><div class=\"ms-tab-context\"><div class=&quot;ms-tab-context&quot;><\/div><\/div>\n<\/div>\n\t\t\t\t<\/div>\n\t\t\t\t<div  class=\"ms-slide\" data-delay=\"3\" data-fill-mode=\"fill\"  >\n\t\t\t\t\t<img src=\"http:\/\/complejolasolas.com.ar\/pinamar\/wp-content\/plugins\/master-slider\/public\/assets\/css\/blank.gif\" alt=\"\" title=\"\" data-src=\"http:\/\/complejolasolas.com.ar\/pinamar\/wp-content\/uploads\/2017\/01\/23-1.jpg\" \/>\n\n\n\t<img class=\"ms-thumb\" src=\"http:\/\/complejolasolas.com.ar\/pinamar\/wp-content\/uploads\/2017\/01\/23-1-100x80.jpg\" alt=\"\" \/>\n\t<div class=\"ms-thumb\" ><div class=\"ms-tab-context\"><div class=&quot;ms-tab-context&quot;><\/div><\/div>\n<\/div>\n\t\t\t\t<\/div>\n\t\t\t\t<div  class=\"ms-slide\" data-delay=\"3\" data-fill-mode=\"fill\"  >\n\t\t\t\t\t<img src=\"http:\/\/complejolasolas.com.ar\/pinamar\/wp-content\/plugins\/master-slider\/public\/assets\/css\/blank.gif\" alt=\"\" title=\"\" data-src=\"http:\/\/complejolasolas.com.ar\/pinamar\/wp-content\/uploads\/2017\/01\/cropped-03-1.jpg\" \/>\n\n\n\t<img class=\"ms-thumb\" src=\"http:\/\/complejolasolas.com.ar\/pinamar\/wp-content\/uploads\/2017\/01\/cropped-03-1-100x80.jpg\" alt=\"\" \/>\n\t<div class=\"ms-thumb\" ><div class=\"ms-tab-context\"><div class=&quot;ms-tab-context&quot;><\/div><\/div>\n<\/div>\n\t\t\t\t<\/div>\n\t\t\t\t<div  class=\"ms-slide\" data-delay=\"3\" data-fill-mode=\"fill\"  >\n\t\t\t\t\t<img src=\"http:\/\/complejolasolas.com.ar\/pinamar\/wp-content\/plugins\/master-slider\/public\/assets\/css\/blank.gif\" alt=\"\" title=\"\" data-src=\"http:\/\/complejolasolas.com.ar\/pinamar\/wp-content\/uploads\/2017\/01\/08-1.jpg\" \/>\n\n\n\t<img class=\"ms-thumb\" src=\"http:\/\/complejolasolas.com.ar\/pinamar\/wp-content\/uploads\/2017\/01\/08-1-100x80.jpg\" alt=\"\" \/>\n\t<div class=\"ms-thumb\" ><div class=\"ms-tab-context\"><div class=&quot;ms-tab-context&quot;><\/div><\/div>\n<\/div>\n\t\t\t\t<\/div>\n\n\t\t\t<\/div>\n\t\t\t<!-- END MasterSlider Main -->\n\n\t\t\t \n\t\t<\/div>\n\t\t<!-- END MasterSlider -->\n\n\t\t<script>\n\t\t(function ( $ ) {\n\t\t\t\"use strict\";\n\n\t\t\t$(function () {\n\t\t\t\tvar masterslider_c7b1 = new MasterSlider();\n\n\t\t\t\t\/\/ slider controls\n\t\t\t\tmasterslider_c7b1.control('arrows'     ,{ autohide:false, overVideo:true  });\t\t\t\tmasterslider_c7b1.control('bullets'    ,{ autohide:false, overVideo:true, dir:'h', align:'bottom' , margin:10  });\n\n\t\t\t\tmasterslider_c7b1.control('thumblist'  ,{ autohide:false, overVideo:true, dir:'v', speed:17, inset:false, arrows:false, hover:false, customClass:'', align:'right',type:'thumbs', margin:1, width:100, height:80, space:1, fillMode:'fill'  });\n\t\t\t\tmasterslider_c7b1.control('scrollbar'  ,{ autohide:true, overVideo:true, dir:'h', inset:true, align:'top', color:'#404040' , margin:10  , width:4 });\n\t\t\t\t\/\/ slider setup\n\t\t\t\tmasterslider_c7b1.setup(\"MS69f286c92c7b1\", {\n\t\t\t\t\t\twidth           : 800,\n\t\t\t\t\t\theight          : 480,\n\t\t\t\t\t\tminHeight       : 0,\n\t\t\t\t\t\tspace           : 0,\n\t\t\t\t\t\tstart           : 1,\n\t\t\t\t\t\tgrabCursor      : true,\n\t\t\t\t\t\tswipe           : true,\n\t\t\t\t\t\tmouse           : true,\n\t\t\t\t\t\tlayout          : \"boxed\",\n\t\t\t\t\t\twheel           : false,\n\t\t\t\t\t\tautoplay        : false,\n\t\t\t\t\t\tinstantStartLayers:false,\n\t\t\t\t\t\tloop            : false,\n\t\t\t\t\t\tshuffle         : false,\n\t\t\t\t\t\tpreload         : 0,\n\t\t\t\t\t\theightLimit     : true,\n\t\t\t\t\t\tautoHeight      : false,\n\t\t\t\t\t\tsmoothHeight    : true,\n\t\t\t\t\t\tendPause        : false,\n\t\t\t\t\t\toverPause       : true,\n\t\t\t\t\t\tfillMode        : \"fill\",\n\t\t\t\t\t\tcenterControls  : false,\n\t\t\t\t\t\tstartOnAppear   : false,\n\t\t\t\t\t\tlayersMode      : \"center\",\n\t\t\t\t\t\thideLayers      : false,\n\t\t\t\t\t\tfullscreenMargin: 0,\n\t\t\t\t\t\tspeed           : 20,\n\t\t\t\t\t\tdir             : \"h\",\n\t\t\t\t\t\tparallaxMode    : 'swipe',\n\t\t\t\t\t\tview            : \"basic\"\n\t\t\t\t});\n\n\t\t\t\t\n\t\t\t\twindow.masterslider_instances = window.masterslider_instances || [];\n\t\t\t\twindow.masterslider_instances.push( masterslider_c7b1 );\n\t\t\t });\n\n\t\t})(jQuery);\n\t\t<\/script>\n\n\n","protected":false},"excerpt":{"rendered":"<p>Conexi\u00f3n libre a Internet Wi-Fi. Servicio de mucama diario que incluye la limpieza integral de cada d\u00faplex (no as\u00ed el lavado de vajilla ni prendas personales). Ropa blanca (cambio d\u00eda por medio de toallas y toallones, y s\u00e1banas a mitad &hellip; <a href=\"http:\/\/complejolasolas.com.ar\/pinamar\/servicios\/\">Sigue leyendo <span class=\"meta-nav\">&rarr;<\/span><\/a><\/p>\n","protected":false},"author":2,"featured_media":0,"parent":0,"menu_order":0,"comment_status":"closed","ping_status":"closed","template":"","meta":[],"_links":{"self":[{"href":"http:\/\/complejolasolas.com.ar\/pinamar\/wp-json\/wp\/v2\/pages\/55"}],"collection":[{"href":"http:\/\/complejolasolas.com.ar\/pinamar\/wp-json\/wp\/v2\/pages"}],"about":[{"href":"http:\/\/complejolasolas.com.ar\/pinamar\/wp-json\/wp\/v2\/types\/page"}],"author":[{"embeddable":true,"href":"http:\/\/complejolasolas.com.ar\/pinamar\/wp-json\/wp\/v2\/users\/2"}],"replies":[{"embeddable":true,"href":"http:\/\/complejolasolas.com.ar\/pinamar\/wp-json\/wp\/v2\/comments?post=55"}],"version-history":[{"count":8,"href":"http:\/\/complejolasolas.com.ar\/pinamar\/wp-json\/wp\/v2\/pages\/55\/revisions"}],"predecessor-version":[{"id":300,"href":"http:\/\/complejolasolas.com.ar\/pinamar\/wp-json\/wp\/v2\/pages\/55\/revisions\/300"}],"wp:attachment":[{"href":"http:\/\/complejolasolas.com.ar\/pinamar\/wp-json\/wp\/v2\/media?parent=55"}],"curies":[{"name":"wp","href":"https:\/\/api.w.org\/{rel}","templated":true}]}}